{"id":329,"date":"2022-05-06T09:48:31","date_gmt":"2022-05-06T07:48:31","guid":{"rendered":"https:\/\/fundacjadeyny.pl\/?page_id=329"},"modified":"2022-05-06T10:56:17","modified_gmt":"2022-05-06T08:56:17","slug":"dzielnicowy-miedzyszkolny-turniej-pilkarski-im-kazimierza-deyny-na-ochocie-2","status":"publish","type":"page","link":"https:\/\/fundacjadeyny.pl\/en\/dzielnicowy-miedzyszkolny-turniej-pilkarski-im-kazimierza-deyny-na-ochocie-2\/","title":{"rendered":"DZIELNICOWY MI\u0118DZYSZKOLNY TURNIEJ PI\u0141KARSKI IM. KAZIMIERZA DEYNY NA OCHOCIE"},"content":{"rendered":"<div data-elementor-type=\"wp-page\" data-elementor-id=\"329\" class=\"elementor elementor-329\">\n\t\t\t\t\t\t<section class=\"elementor-section elementor-top-section elementor-element elementor-element-f89d42b elementor-section-boxed elementor-section-height-default elementor-section-height-default\" data-id=\"f89d42b\" data-element_type=\"section\">\n\t\t\t\t\t\t<div class=\"elementor-container elementor-column-gap-default\">\n\t\t\t\t\t<div class=\"elementor-column elementor-col-100 elementor-top-column elementor-element elementor-element-4d30965\" data-id=\"4d30965\" data-element_type=\"column\">\n\t\t\t<div class=\"elementor-widget-wrap elementor-element-populated\">\n\t\t\t\t\t\t<section class=\"elementor-section elementor-inner-section elementor-element elementor-element-b647ec0 elementor-section-boxed elementor-section-height-default elementor-section-height-default\" data-id=\"b647ec0\" data-element_type=\"section\">\n\t\t\t\t\t\t<div class=\"elementor-container elementor-column-gap-default\">\n\t\t\t\t\t<div class=\"elementor-column elementor-col-100 elementor-inner-column elementor-element elementor-element-e052003\" data-id=\"e052003\" data-element_type=\"column\">\n\t\t\t<div class=\"elementor-widget-wrap elementor-element-populated\">\n\t\t\t\t\t\t<div class=\"elementor-element elementor-element-282259e elementor-widget elementor-widget-text-editor\" data-id=\"282259e\" data-element_type=\"widget\" data-widget_type=\"text-editor.default\">\n\t\t\t\t<div class=\"elementor-widget-container\">\n\t\t\t\t\t\t\t\t\t<p style=\"text-align: center;\"><span style=\"color: #808080;\"><strong>Dzielnicowy Mi\u0119dzyszkolny turniej pi\u0142karski im. Kazimierza Deyny<\/strong> na Ochocie&#8217;22 r. to impreza sportowa skierowana do uczni\u00f3w klas podstawowych ze szk\u00f3\u0142 na Ochocie. Turniej wsp\u00f3\u0142finansowany jest przed <strong>Urz\u0105d Dzielnicy Ochota<\/strong> m.st Warszawy. Dwa najlepsze zespo\u0142y z ka\u017cdej kategorii wiekowej zagraj\u0105 w fina\u0142ach Mazowsza w czerwcu. Ka\u017cdy zawodnik otrzyma pami\u0105tkowy <a style=\"color: #808080;\" href=\"https:\/\/medalowo.pl\/medale-malowane\">medal<\/a>, dru\u017cyny puchary oraz <a href=\"https:\/\/pucharowo.pl\/dyplomy-drewniane\"><span style=\"color: #808080;\">dyplomy drewniane<\/span><\/a>.<\/span><\/p><p style=\"text-align: center;\"><span style=\"color: #808080;\">Poni\u017cej karta zg\u0142oszeniowa, uzupe\u0142nion\u0105 kart\u0119 nale\u017cy przes\u0142a\u0107 na adres: fundacjakazimierzadeyny@gmail.com<\/span><\/p>\t\t\t\t\t\t\t\t<\/div>\n\t\t\t\t<\/div>\n\t\t\t\t<div class=\"elementor-element elementor-element-759310b elementor-align-center elementor-widget elementor-widget-button\" data-id=\"759310b\" data-element_type=\"widget\" data-widget_type=\"button.default\">\n\t\t\t\t<div class=\"elementor-widget-container\">\n\t\t\t\t\t\t\t\t\t<div class=\"elementor-button-wrapper\">\n\t\t\t\t\t<a class=\"elementor-button elementor-button-link elementor-size-lg elementor-animation-grow\" href=\"https:\/\/fundacjadeyny.pl\/wp-content\/uploads\/2022\/05\/karta-zgloszeniowa-ochota.pdf\" target=\"_blank\">\n\t\t\t\t\t\t<span class=\"elementor-button-content-wrapper\">\n\t\t\t\t\t\t\t\t\t<span class=\"elementor-button-text\">KARTA ZG\u0141OSZENIOWA - KLIKNIJ TUTAJ<\/span>\n\t\t\t\t\t<\/span>\n\t\t\t\t\t<\/a>\n\t\t\t\t<\/div>\n\t\t\t\t\t\t\t\t<\/div>\n\t\t\t\t<\/div>\n\t\t\t\t<div class=\"elementor-element elementor-element-b788bfc elementor-widget elementor-widget-image\" data-id=\"b788bfc\" data-element_type=\"widget\" data-widget_type=\"image.default\">\n\t\t\t\t<div class=\"elementor-widget-container\">\n\t\t\t\t\t\t\t\t\t\t\t\t\t\t\t<img fetchpriority=\"high\" decoding=\"async\" width=\"768\" height=\"1086\" src=\"https:\/\/fundacjadeyny.pl\/wp-content\/uploads\/2022\/05\/DzielnicowyTurniejPilkarski_Ochota-1-768x1086.jpg\" class=\"attachment-medium_large size-medium_large wp-image-305\" alt=\"\" srcset=\"https:\/\/fundacjadeyny.pl\/wp-content\/uploads\/2022\/05\/DzielnicowyTurniejPilkarski_Ochota-1-768x1086.jpg 768w, https:\/\/fundacjadeyny.pl\/wp-content\/uploads\/2022\/05\/DzielnicowyTurniejPilkarski_Ochota-1-212x300.jpg 212w, https:\/\/fundacjadeyny.pl\/wp-content\/uploads\/2022\/05\/DzielnicowyTurniejPilkarski_Ochota-1-724x1024.jpg 724w, https:\/\/fundacjadeyny.pl\/wp-content\/uploads\/2022\/05\/DzielnicowyTurniejPilkarski_Ochota-1-1086x1536.jpg 1086w, https:\/\/fundacjadeyny.pl\/wp-content\/uploads\/2022\/05\/DzielnicowyTurniejPilkarski_Ochota-1-8x12.jpg 8w, https:\/\/fundacjadeyny.pl\/wp-content\/uploads\/2022\/05\/DzielnicowyTurniejPilkarski_Ochota-1.jpg 1414w\" sizes=\"(max-width: 768px) 100vw, 768px\" \/>\t\t\t\t\t\t\t\t\t\t\t\t\t\t\t<\/div>\n\t\t\t\t<\/div>\n\t\t\t\t\t<\/div>\n\t\t<\/div>\n\t\t\t\t\t<\/div>\n\t\t<\/section>\n\t\t\t\t\t<\/div>\n\t\t<\/div>\n\t\t\t\t\t<\/div>\n\t\t<\/section>\n\t\t\t\t<\/div>","protected":false},"excerpt":{"rendered":"<p>Dzielnicowy Mi\u0119dzyszkolny turniej pi\u0142karski im. Kazimierza Deyny na Ochocie&#8217;22 r. to impreza sportowa skierowana do uczni\u00f3w klas podstawowych ze szk\u00f3\u0142 na Ochocie. Turniej wsp\u00f3\u0142finansowany jest przed Urz\u0105d Dzielnicy Ochota m.st Warszawy. Dwa najlepsze zespo\u0142y z ka\u017cdej kategorii wiekowej zagraj\u0105 w fina\u0142ach Mazowsza w czerwcu. Ka\u017cdy zawodnik otrzyma pami\u0105tkowy medal, dru\u017cyny puchary oraz dyplomy drewniane. Poni\u017cej [&hellip;]<\/p>","protected":false},"author":1,"featured_media":0,"parent":0,"menu_order":0,"comment_status":"closed","ping_status":"closed","template":"elementor_theme","meta":{"footnotes":""},"class_list":["post-329","page","type-page","status-publish","hentry"],"yoast_head":"<!-- This site is optimized with the Yoast SEO plugin v25.7 - https:\/\/yoast.com\/wordpress\/plugins\/seo\/ -->\n<title>DZIELNICOWY MI\u0118DZYSZKOLNY TURNIEJ PI\u0141KARSKI IM. KAZIMIERZA DEYNY NA OCHOCIE - FUNDACJA DEYNY<\/title>\n<meta name=\"robots\" content=\"index, follow, max-snippet:-1, max-image-preview:large, max-video-preview:-1\" \/>\n<link rel=\"canonical\" href=\"https:\/\/fundacjadeyny.pl\/en\/dzielnicowy-miedzyszkolny-turniej-pilkarski-im-kazimierza-deyny-na-ochocie-2\/\" \/>\n<meta property=\"og:locale\" content=\"en_US\" \/>\n<meta property=\"og:type\" content=\"article\" \/>\n<meta property=\"og:title\" content=\"DZIELNICOWY MI\u0118DZYSZKOLNY TURNIEJ PI\u0141KARSKI IM. KAZIMIERZA DEYNY NA OCHOCIE - FUNDACJA DEYNY\" \/>\n<meta property=\"og:description\" content=\"Dzielnicowy Mi\u0119dzyszkolny turniej pi\u0142karski im. Kazimierza Deyny na Ochocie&#8217;22 r. to impreza sportowa skierowana do uczni\u00f3w klas podstawowych ze szk\u00f3\u0142 na Ochocie. Turniej wsp\u00f3\u0142finansowany jest przed Urz\u0105d Dzielnicy Ochota m.st Warszawy. Dwa najlepsze zespo\u0142y z ka\u017cdej kategorii wiekowej zagraj\u0105 w fina\u0142ach Mazowsza w czerwcu. Ka\u017cdy zawodnik otrzyma pami\u0105tkowy medal, dru\u017cyny puchary oraz dyplomy drewniane. Poni\u017cej [&hellip;]\" \/>\n<meta property=\"og:url\" content=\"https:\/\/fundacjadeyny.pl\/en\/dzielnicowy-miedzyszkolny-turniej-pilkarski-im-kazimierza-deyny-na-ochocie-2\/\" \/>\n<meta property=\"og:site_name\" content=\"FUNDACJA DEYNY\" \/>\n<meta property=\"article:modified_time\" content=\"2022-05-06T08:56:17+00:00\" \/>\n<meta property=\"og:image\" content=\"https:\/\/fundacjadeyny.pl\/wp-content\/uploads\/2022\/05\/DzielnicowyTurniejPilkarski_Ochota-1.jpg\" \/>\n\t<meta property=\"og:image:width\" content=\"1414\" \/>\n\t<meta property=\"og:image:height\" content=\"2000\" \/>\n\t<meta property=\"og:image:type\" content=\"image\/jpeg\" \/>\n<meta name=\"twitter:card\" content=\"summary_large_image\" \/>\n<script type=\"application\/ld+json\" class=\"yoast-schema-graph\">{\"@context\":\"https:\/\/schema.org\",\"@graph\":[{\"@type\":\"WebPage\",\"@id\":\"https:\/\/fundacjadeyny.pl\/dzielnicowy-miedzyszkolny-turniej-pilkarski-im-kazimierza-deyny-na-ochocie-2\/\",\"url\":\"https:\/\/fundacjadeyny.pl\/dzielnicowy-miedzyszkolny-turniej-pilkarski-im-kazimierza-deyny-na-ochocie-2\/\",\"name\":\"DZIELNICOWY MI\u0118DZYSZKOLNY TURNIEJ PI\u0141KARSKI IM. KAZIMIERZA DEYNY NA OCHOCIE - FUNDACJA DEYNY\",\"isPartOf\":{\"@id\":\"https:\/\/fundacjadeyny.pl\/#website\"},\"primaryImageOfPage\":{\"@id\":\"https:\/\/fundacjadeyny.pl\/dzielnicowy-miedzyszkolny-turniej-pilkarski-im-kazimierza-deyny-na-ochocie-2\/#primaryimage\"},\"image\":{\"@id\":\"https:\/\/fundacjadeyny.pl\/dzielnicowy-miedzyszkolny-turniej-pilkarski-im-kazimierza-deyny-na-ochocie-2\/#primaryimage\"},\"thumbnailUrl\":\"https:\/\/fundacjadeyny.pl\/wp-content\/uploads\/2022\/05\/DzielnicowyTurniejPilkarski_Ochota-1-768x1086.jpg\",\"datePublished\":\"2022-05-06T07:48:31+00:00\",\"dateModified\":\"2022-05-06T08:56:17+00:00\",\"breadcrumb\":{\"@id\":\"https:\/\/fundacjadeyny.pl\/dzielnicowy-miedzyszkolny-turniej-pilkarski-im-kazimierza-deyny-na-ochocie-2\/#breadcrumb\"},\"inLanguage\":\"en-US\",\"potentialAction\":[{\"@type\":\"ReadAction\",\"target\":[\"https:\/\/fundacjadeyny.pl\/dzielnicowy-miedzyszkolny-turniej-pilkarski-im-kazimierza-deyny-na-ochocie-2\/\"]}]},{\"@type\":\"ImageObject\",\"inLanguage\":\"en-US\",\"@id\":\"https:\/\/fundacjadeyny.pl\/dzielnicowy-miedzyszkolny-turniej-pilkarski-im-kazimierza-deyny-na-ochocie-2\/#primaryimage\",\"url\":\"https:\/\/fundacjadeyny.pl\/wp-content\/uploads\/2022\/05\/DzielnicowyTurniejPilkarski_Ochota-1-768x1086.jpg\",\"contentUrl\":\"https:\/\/fundacjadeyny.pl\/wp-content\/uploads\/2022\/05\/DzielnicowyTurniejPilkarski_Ochota-1-768x1086.jpg\"},{\"@type\":\"BreadcrumbList\",\"@id\":\"https:\/\/fundacjadeyny.pl\/dzielnicowy-miedzyszkolny-turniej-pilkarski-im-kazimierza-deyny-na-ochocie-2\/#breadcrumb\",\"itemListElement\":[{\"@type\":\"ListItem\",\"position\":1,\"name\":\"Strona g\u0142\u00f3wna\",\"item\":\"https:\/\/fundacjadeyny.pl\/\"},{\"@type\":\"ListItem\",\"position\":2,\"name\":\"DZIELNICOWY MI\u0118DZYSZKOLNY TURNIEJ PI\u0141KARSKI IM. KAZIMIERZA DEYNY NA OCHOCIE\"}]},{\"@type\":\"WebSite\",\"@id\":\"https:\/\/fundacjadeyny.pl\/#website\",\"url\":\"https:\/\/fundacjadeyny.pl\/\",\"name\":\"FUNDACJA DEYNY\",\"description\":\"FUNDACJA DEYNY\",\"publisher\":{\"@id\":\"https:\/\/fundacjadeyny.pl\/#organization\"},\"potentialAction\":[{\"@type\":\"SearchAction\",\"target\":{\"@type\":\"EntryPoint\",\"urlTemplate\":\"https:\/\/fundacjadeyny.pl\/?s={search_term_string}\"},\"query-input\":{\"@type\":\"PropertyValueSpecification\",\"valueRequired\":true,\"valueName\":\"search_term_string\"}}],\"inLanguage\":\"en-US\"},{\"@type\":\"Organization\",\"@id\":\"https:\/\/fundacjadeyny.pl\/#organization\",\"name\":\"FUNDACJA DEYNY\",\"url\":\"https:\/\/fundacjadeyny.pl\/\",\"logo\":{\"@type\":\"ImageObject\",\"inLanguage\":\"en-US\",\"@id\":\"https:\/\/fundacjadeyny.pl\/#\/schema\/logo\/image\/\",\"url\":\"https:\/\/fundacjadeyny.pl\/wp-content\/uploads\/2022\/01\/cropped-logo-1.png\",\"contentUrl\":\"https:\/\/fundacjadeyny.pl\/wp-content\/uploads\/2022\/01\/cropped-logo-1.png\",\"width\":427,\"height\":415,\"caption\":\"FUNDACJA DEYNY\"},\"image\":{\"@id\":\"https:\/\/fundacjadeyny.pl\/#\/schema\/logo\/image\/\"}}]}<\/script>\n<!-- \/ Yoast SEO plugin. -->","yoast_head_json":{"title":"DZIELNICOWY MI\u0118DZYSZKOLNY TURNIEJ PI\u0141KARSKI IM. KAZIMIERZA DEYNY NA OCHOCIE - FUNDACJA DEYNY","robots":{"index":"index","follow":"follow","max-snippet":"max-snippet:-1","max-image-preview":"max-image-preview:large","max-video-preview":"max-video-preview:-1"},"canonical":"https:\/\/fundacjadeyny.pl\/en\/dzielnicowy-miedzyszkolny-turniej-pilkarski-im-kazimierza-deyny-na-ochocie-2\/","og_locale":"en_US","og_type":"article","og_title":"DZIELNICOWY MI\u0118DZYSZKOLNY TURNIEJ PI\u0141KARSKI IM. KAZIMIERZA DEYNY NA OCHOCIE - FUNDACJA DEYNY","og_description":"Dzielnicowy Mi\u0119dzyszkolny turniej pi\u0142karski im. Kazimierza Deyny na Ochocie&#8217;22 r. to impreza sportowa skierowana do uczni\u00f3w klas podstawowych ze szk\u00f3\u0142 na Ochocie. Turniej wsp\u00f3\u0142finansowany jest przed Urz\u0105d Dzielnicy Ochota m.st Warszawy. Dwa najlepsze zespo\u0142y z ka\u017cdej kategorii wiekowej zagraj\u0105 w fina\u0142ach Mazowsza w czerwcu. Ka\u017cdy zawodnik otrzyma pami\u0105tkowy medal, dru\u017cyny puchary oraz dyplomy drewniane. Poni\u017cej [&hellip;]","og_url":"https:\/\/fundacjadeyny.pl\/en\/dzielnicowy-miedzyszkolny-turniej-pilkarski-im-kazimierza-deyny-na-ochocie-2\/","og_site_name":"FUNDACJA DEYNY","article_modified_time":"2022-05-06T08:56:17+00:00","og_image":[{"width":1414,"height":2000,"url":"https:\/\/fundacjadeyny.pl\/wp-content\/uploads\/2022\/05\/DzielnicowyTurniejPilkarski_Ochota-1.jpg","type":"image\/jpeg"}],"twitter_card":"summary_large_image","schema":{"@context":"https:\/\/schema.org","@graph":[{"@type":"WebPage","@id":"https:\/\/fundacjadeyny.pl\/dzielnicowy-miedzyszkolny-turniej-pilkarski-im-kazimierza-deyny-na-ochocie-2\/","url":"https:\/\/fundacjadeyny.pl\/dzielnicowy-miedzyszkolny-turniej-pilkarski-im-kazimierza-deyny-na-ochocie-2\/","name":"DZIELNICOWY MI\u0118DZYSZKOLNY TURNIEJ PI\u0141KARSKI IM. KAZIMIERZA DEYNY NA OCHOCIE - FUNDACJA DEYNY","isPartOf":{"@id":"https:\/\/fundacjadeyny.pl\/#website"},"primaryImageOfPage":{"@id":"https:\/\/fundacjadeyny.pl\/dzielnicowy-miedzyszkolny-turniej-pilkarski-im-kazimierza-deyny-na-ochocie-2\/#primaryimage"},"image":{"@id":"https:\/\/fundacjadeyny.pl\/dzielnicowy-miedzyszkolny-turniej-pilkarski-im-kazimierza-deyny-na-ochocie-2\/#primaryimage"},"thumbnailUrl":"https:\/\/fundacjadeyny.pl\/wp-content\/uploads\/2022\/05\/DzielnicowyTurniejPilkarski_Ochota-1-768x1086.jpg","datePublished":"2022-05-06T07:48:31+00:00","dateModified":"2022-05-06T08:56:17+00:00","breadcrumb":{"@id":"https:\/\/fundacjadeyny.pl\/dzielnicowy-miedzyszkolny-turniej-pilkarski-im-kazimierza-deyny-na-ochocie-2\/#breadcrumb"},"inLanguage":"en-US","potentialAction":[{"@type":"ReadAction","target":["https:\/\/fundacjadeyny.pl\/dzielnicowy-miedzyszkolny-turniej-pilkarski-im-kazimierza-deyny-na-ochocie-2\/"]}]},{"@type":"ImageObject","inLanguage":"en-US","@id":"https:\/\/fundacjadeyny.pl\/dzielnicowy-miedzyszkolny-turniej-pilkarski-im-kazimierza-deyny-na-ochocie-2\/#primaryimage","url":"https:\/\/fundacjadeyny.pl\/wp-content\/uploads\/2022\/05\/DzielnicowyTurniejPilkarski_Ochota-1-768x1086.jpg","contentUrl":"https:\/\/fundacjadeyny.pl\/wp-content\/uploads\/2022\/05\/DzielnicowyTurniejPilkarski_Ochota-1-768x1086.jpg"},{"@type":"BreadcrumbList","@id":"https:\/\/fundacjadeyny.pl\/dzielnicowy-miedzyszkolny-turniej-pilkarski-im-kazimierza-deyny-na-ochocie-2\/#breadcrumb","itemListElement":[{"@type":"ListItem","position":1,"name":"Strona g\u0142\u00f3wna","item":"https:\/\/fundacjadeyny.pl\/"},{"@type":"ListItem","position":2,"name":"DZIELNICOWY MI\u0118DZYSZKOLNY TURNIEJ PI\u0141KARSKI IM. KAZIMIERZA DEYNY NA OCHOCIE"}]},{"@type":"WebSite","@id":"https:\/\/fundacjadeyny.pl\/#website","url":"https:\/\/fundacjadeyny.pl\/","name":"FUNDACJA DEYNY","description":"FUNDACJA DEYNY","publisher":{"@id":"https:\/\/fundacjadeyny.pl\/#organization"},"potentialAction":[{"@type":"SearchAction","target":{"@type":"EntryPoint","urlTemplate":"https:\/\/fundacjadeyny.pl\/?s={search_term_string}"},"query-input":{"@type":"PropertyValueSpecification","valueRequired":true,"valueName":"search_term_string"}}],"inLanguage":"en-US"},{"@type":"Organization","@id":"https:\/\/fundacjadeyny.pl\/#organization","name":"FUNDACJA DEYNY","url":"https:\/\/fundacjadeyny.pl\/","logo":{"@type":"ImageObject","inLanguage":"en-US","@id":"https:\/\/fundacjadeyny.pl\/#\/schema\/logo\/image\/","url":"https:\/\/fundacjadeyny.pl\/wp-content\/uploads\/2022\/01\/cropped-logo-1.png","contentUrl":"https:\/\/fundacjadeyny.pl\/wp-content\/uploads\/2022\/01\/cropped-logo-1.png","width":427,"height":415,"caption":"FUNDACJA DEYNY"},"image":{"@id":"https:\/\/fundacjadeyny.pl\/#\/schema\/logo\/image\/"}}]}},"_links":{"self":[{"href":"https:\/\/fundacjadeyny.pl\/en\/wp-json\/wp\/v2\/pages\/329","targetHints":{"allow":["GET"]}}],"collection":[{"href":"https:\/\/fundacjadeyny.pl\/en\/wp-json\/wp\/v2\/pages"}],"about":[{"href":"https:\/\/fundacjadeyny.pl\/en\/wp-json\/wp\/v2\/types\/page"}],"author":[{"embeddable":true,"href":"https:\/\/fundacjadeyny.pl\/en\/wp-json\/wp\/v2\/users\/1"}],"replies":[{"embeddable":true,"href":"https:\/\/fundacjadeyny.pl\/en\/wp-json\/wp\/v2\/comments?post=329"}],"version-history":[{"count":19,"href":"https:\/\/fundacjadeyny.pl\/en\/wp-json\/wp\/v2\/pages\/329\/revisions"}],"predecessor-version":[{"id":389,"href":"https:\/\/fundacjadeyny.pl\/en\/wp-json\/wp\/v2\/pages\/329\/revisions\/389"}],"wp:attachment":[{"href":"https:\/\/fundacjadeyny.pl\/en\/wp-json\/wp\/v2\/media?parent=329"}],"curies":[{"name":"wp","href":"https:\/\/api.w.org\/{rel}","templated":true}]}}