{"id":68,"date":"2022-01-03T12:45:01","date_gmt":"2022-01-03T11:45:01","guid":{"rendered":"http:\/\/admin"},"modified":"2025-08-21T10:46:39","modified_gmt":"2025-08-21T08:46:39","slug":"akademia-deyny","status":"publish","type":"page","link":"https:\/\/fundacjadeyny.pl\/en\/akademia-deyny\/","title":{"rendered":"Deyna Academy"},"content":{"rendered":"<div data-elementor-type=\"wp-page\" data-elementor-id=\"68\" class=\"elementor elementor-68\">\n\t\t\t\t\t\t<section class=\"elementor-section elementor-top-section elementor-element elementor-element-292240a elementor-section-boxed elementor-section-height-default elementor-section-height-default\" data-id=\"292240a\" data-element_type=\"section\">\n\t\t\t\t\t\t<div class=\"elementor-container elementor-column-gap-default\">\n\t\t\t\t\t<div class=\"elementor-column elementor-col-100 elementor-top-column elementor-element elementor-element-e53680e\" data-id=\"e53680e\" data-element_type=\"column\">\n\t\t\t<div class=\"elementor-widget-wrap elementor-element-populated\">\n\t\t\t\t\t\t<section class=\"elementor-section elementor-inner-section elementor-element elementor-element-e50c27f elementor-section-boxed elementor-section-height-default elementor-section-height-default\" data-id=\"e50c27f\" data-element_type=\"section\">\n\t\t\t\t\t\t<div class=\"elementor-container elementor-column-gap-default\">\n\t\t\t\t\t<div class=\"elementor-column elementor-col-50 elementor-inner-column elementor-element elementor-element-801ad33\" data-id=\"801ad33\" data-element_type=\"column\">\n\t\t\t<div class=\"elementor-widget-wrap elementor-element-populated\">\n\t\t\t\t\t\t<div class=\"elementor-element elementor-element-68e3e36 elementor-widget elementor-widget-image\" data-id=\"68e3e36\" data-element_type=\"widget\" data-widget_type=\"image.default\">\n\t\t\t\t<div class=\"elementor-widget-container\">\n\t\t\t\t\t\t\t\t\t\t\t\t\t\t\t<img fetchpriority=\"high\" decoding=\"async\" width=\"800\" height=\"824\" src=\"https:\/\/fundacjadeyny.pl\/wp-content\/uploads\/2025\/08\/deyna-logo-poprawne-994x1024.jpg\" class=\"attachment-large size-large wp-image-833\" alt=\"\" srcset=\"https:\/\/fundacjadeyny.pl\/wp-content\/uploads\/2025\/08\/deyna-logo-poprawne-994x1024.jpg 994w, https:\/\/fundacjadeyny.pl\/wp-content\/uploads\/2025\/08\/deyna-logo-poprawne-291x300.jpg 291w, https:\/\/fundacjadeyny.pl\/wp-content\/uploads\/2025\/08\/deyna-logo-poprawne-768x791.jpg 768w, https:\/\/fundacjadeyny.pl\/wp-content\/uploads\/2025\/08\/deyna-logo-poprawne-12x12.jpg 12w, https:\/\/fundacjadeyny.pl\/wp-content\/uploads\/2025\/08\/deyna-logo-poprawne.jpg 1121w\" sizes=\"(max-width: 800px) 100vw, 800px\" \/>\t\t\t\t\t\t\t\t\t\t\t\t\t\t\t<\/div>\n\t\t\t\t<\/div>\n\t\t\t\t\t<\/div>\n\t\t<\/div>\n\t\t\t\t<div class=\"elementor-column elementor-col-50 elementor-inner-column elementor-element elementor-element-bbd7493\" data-id=\"bbd7493\" data-element_type=\"column\">\n\t\t\t<div class=\"elementor-widget-wrap elementor-element-populated\">\n\t\t\t\t\t\t<div class=\"elementor-element elementor-element-546ec86 elementor-widget elementor-widget-text-editor\" data-id=\"546ec86\" data-element_type=\"widget\" data-widget_type=\"text-editor.default\">\n\t\t\t\t<div class=\"elementor-widget-container\">\n\t\t\t\t\t\t\t\t\t<p style=\"text-align: center;\"><span style=\"color: #000000;\"><strong><a style=\"color: #000000;\" href=\"https:\/\/apdeyna.pl\/\">Akademia Pi\u0142karska Deyny<\/a><\/strong> to wyj\u0105tkowe miejsce na mapie polskiego futbolu, dedykowane rozwijaniu m\u0142odych talent\u00f3w. Zlokalizowana w sercu Warszawy, nosi imi\u0119 Kazimierza Deyny, jednego z najwybitniejszych polskich pi\u0142karzy w historii. Jej g\u0142\u00f3wnym celem jest nie tylko szkolenie technicznych i taktycznych umiej\u0119tno\u015bci, ale przede wszystkim kszta\u0142towanie charakter\u00f3w i promowanie warto\u015bci sportowych, takich jak <b>fair play<\/b>, ci\u0119\u017cka praca i szacunek.<\/span><\/p>\t\t\t\t\t\t\t\t<\/div>\n\t\t\t\t<\/div>\n\t\t\t\t\t<\/div>\n\t\t<\/div>\n\t\t\t\t\t<\/div>\n\t\t<\/section>\n\t\t\t\t\t<\/div>\n\t\t<\/div>\n\t\t\t\t\t<\/div>\n\t\t<\/section>\n\t\t\t\t<section class=\"elementor-section elementor-top-section elementor-element elementor-element-0b3c557 elementor-section-boxed elementor-section-height-default elementor-section-height-default\" data-id=\"0b3c557\" data-element_type=\"section\">\n\t\t\t\t\t\t<div class=\"elementor-container elementor-column-gap-default\">\n\t\t\t\t\t<div class=\"elementor-column elementor-col-100 elementor-top-column elementor-element elementor-element-584c38b\" data-id=\"584c38b\" data-element_type=\"column\">\n\t\t\t<div class=\"elementor-widget-wrap elementor-element-populated\">\n\t\t\t\t\t\t<div class=\"elementor-element elementor-element-d582a3b elementor-widget elementor-widget-heading\" data-id=\"d582a3b\" data-element_type=\"widget\" data-widget_type=\"heading.default\">\n\t\t\t\t<div class=\"elementor-widget-container\">\n\t\t\t\t\t<h2 class=\"elementor-heading-title elementor-size-default\">Filozofia szkoleniowa i metodyka <\/h2>\t\t\t\t<\/div>\n\t\t\t\t<\/div>\n\t\t\t\t\t<\/div>\n\t\t<\/div>\n\t\t\t\t\t<\/div>\n\t\t<\/section>\n\t\t\t\t<section class=\"elementor-section elementor-top-section elementor-element elementor-element-03b25d5 elementor-section-boxed elementor-section-height-default elementor-section-height-default\" data-id=\"03b25d5\" data-element_type=\"section\">\n\t\t\t\t\t\t<div class=\"elementor-container elementor-column-gap-default\">\n\t\t\t\t\t<div class=\"elementor-column elementor-col-100 elementor-top-column elementor-element elementor-element-3ff00a3\" data-id=\"3ff00a3\" data-element_type=\"column\">\n\t\t\t<div class=\"elementor-widget-wrap elementor-element-populated\">\n\t\t\t\t\t\t<section class=\"elementor-section elementor-inner-section elementor-element elementor-element-b4ee4ea elementor-section-boxed elementor-section-height-default elementor-section-height-default\" data-id=\"b4ee4ea\" data-element_type=\"section\">\n\t\t\t\t\t\t<div class=\"elementor-container elementor-column-gap-default\">\n\t\t\t\t\t<div class=\"elementor-column elementor-col-50 elementor-inner-column elementor-element elementor-element-4c81064\" data-id=\"4c81064\" data-element_type=\"column\">\n\t\t\t<div class=\"elementor-widget-wrap elementor-element-populated\">\n\t\t\t\t\t\t<div class=\"elementor-element elementor-element-469e846 elementor-widget elementor-widget-text-editor\" data-id=\"469e846\" data-element_type=\"widget\" data-widget_type=\"text-editor.default\">\n\t\t\t\t<div class=\"elementor-widget-container\">\n\t\t\t\t\t\t\t\t\t<p style=\"text-align: center;\"><span style=\"color: #000000;\"><strong>Akademia Pi\u0142karska Deyny<\/strong> stosuje nowoczesne metody treningowe, kt\u00f3re s\u0105 zgodne z najnowszymi trendami w europejskim futbolu. Treningi prowadzone s\u0105 przez wykwalifikowanych trener\u00f3w z licencjami UEFA, kt\u00f3rzy regularnie podnosz\u0105 swoje kwalifikacje. Wyr\u00f3\u017cnikiem akademii jest indywidualne podej\u015bcie do ka\u017cdego zawodnika. Niezale\u017cnie od poziomu umiej\u0119tno\u015bci, ka\u017cdy pi\u0142karz jest traktowany z tak\u0105 sam\u0105 uwag\u0105, a jego post\u0119py s\u0105 monitorowane na bie\u017c\u0105co.<\/span><\/p>\t\t\t\t\t\t\t\t<\/div>\n\t\t\t\t<\/div>\n\t\t\t\t\t<\/div>\n\t\t<\/div>\n\t\t\t\t<div class=\"elementor-column elementor-col-50 elementor-inner-column elementor-element elementor-element-5ec778a\" data-id=\"5ec778a\" data-element_type=\"column\">\n\t\t\t<div class=\"elementor-widget-wrap elementor-element-populated\">\n\t\t\t\t\t\t<div class=\"elementor-element elementor-element-83ba0f7 elementor-widget elementor-widget-text-editor\" data-id=\"83ba0f7\" data-element_type=\"widget\" data-widget_type=\"text-editor.default\">\n\t\t\t\t<div class=\"elementor-widget-container\">\n\t\t\t\t\t\t\t\t\t<p><span style=\"color: #000000;\">Metodyka treningowa opiera si\u0119 na <b>cyklu doskonalenia<\/b>, kt\u00f3ry obejmuje:<\/span><\/p><ul><li><p><span style=\"color: #000000;\"><b>Analiz\u0119<\/b> &#8211; identyfikacja mocnych i s\u0142abych stron zawodnika.<\/span><\/p><\/li><li><p><span style=\"color: #000000;\"><b>Planowanie<\/b> &#8211; tworzenie spersonalizowanych plan\u00f3w treningowych.<\/span><\/p><\/li><li><p><span style=\"color: #000000;\"><b>Wykonanie<\/b> &#8211; realizacja trening\u00f3w w praktyce.<\/span><\/p><\/li><li><p><span style=\"color: #000000;\"><b>Ewaluacj\u0119<\/b> &#8211; ocena post\u0119p\u00f3w i dostosowywanie plan\u00f3w.<\/span><\/p><\/li><\/ul><p><span style=\"color: #000000;\">Takie podej\u015bcie pozwala na maksymalizacj\u0119 potencja\u0142u ka\u017cdego m\u0142odego sportowca. Treningi s\u0105 urozmaicone, a nacisk k\u0142adzie si\u0119 na rozw\u00f3j techniki u\u017cytkowej, inteligencji boiskowej oraz przygotowania motorycznego.<\/span><\/p>\t\t\t\t\t\t\t\t<\/div>\n\t\t\t\t<\/div>\n\t\t\t\t\t<\/div>\n\t\t<\/div>\n\t\t\t\t\t<\/div>\n\t\t<\/section>\n\t\t\t\t\t<\/div>\n\t\t<\/div>\n\t\t\t\t\t<\/div>\n\t\t<\/section>\n\t\t\t\t<section class=\"elementor-section elementor-top-section elementor-element elementor-element-7ce229e elementor-section-boxed elementor-section-height-default elementor-section-height-default\" data-id=\"7ce229e\" data-element_type=\"section\">\n\t\t\t\t\t\t<div class=\"elementor-container elementor-column-gap-default\">\n\t\t\t\t\t<div class=\"elementor-column elementor-col-100 elementor-top-column elementor-element elementor-element-f74d10a\" data-id=\"f74d10a\" data-element_type=\"column\">\n\t\t\t<div class=\"elementor-widget-wrap elementor-element-populated\">\n\t\t\t\t\t\t<div class=\"elementor-element elementor-element-083e67b elementor-widget elementor-widget-heading\" data-id=\"083e67b\" data-element_type=\"widget\" data-widget_type=\"heading.default\">\n\t\t\t\t<div class=\"elementor-widget-container\">\n\t\t\t\t\t<h2 class=\"elementor-heading-title elementor-size-default\">Sukcesy i wyr\u00f3\u017cnienia Akademii Deyny <\/h2>\t\t\t\t<\/div>\n\t\t\t\t<\/div>\n\t\t\t\t\t<\/div>\n\t\t<\/div>\n\t\t\t\t\t<\/div>\n\t\t<\/section>\n\t\t\t\t<section class=\"elementor-section elementor-top-section elementor-element elementor-element-cbf9dac elementor-section-boxed elementor-section-height-default elementor-section-height-default\" data-id=\"cbf9dac\" data-element_type=\"section\">\n\t\t\t\t\t\t<div class=\"elementor-container elementor-column-gap-default\">\n\t\t\t\t\t<div class=\"elementor-column elementor-col-100 elementor-top-column elementor-element elementor-element-fea9642\" data-id=\"fea9642\" data-element_type=\"column\">\n\t\t\t<div class=\"elementor-widget-wrap elementor-element-populated\">\n\t\t\t\t\t\t<section class=\"elementor-section elementor-inner-section elementor-element elementor-element-28c1713 elementor-section-boxed elementor-section-height-default elementor-section-height-default\" data-id=\"28c1713\" data-element_type=\"section\">\n\t\t\t\t\t\t<div class=\"elementor-container elementor-column-gap-default\">\n\t\t\t\t\t<div class=\"elementor-column elementor-col-50 elementor-inner-column elementor-element elementor-element-2e043c9\" data-id=\"2e043c9\" data-element_type=\"column\">\n\t\t\t<div class=\"elementor-widget-wrap elementor-element-populated\">\n\t\t\t\t\t\t<div class=\"elementor-element elementor-element-8a5994b elementor-widget elementor-widget-text-editor\" data-id=\"8a5994b\" data-element_type=\"widget\" data-widget_type=\"text-editor.default\">\n\t\t\t\t<div class=\"elementor-widget-container\">\n\t\t\t\t\t\t\t\t\t<p style=\"text-align: center;\"><span style=\"color: #000000;\">Akademia Pi\u0142karska Deyny mo\u017ce pochwali\u0107 si\u0119 wieloma sukcesami na arenie krajowej. Jej dru\u017cyny regularnie bior\u0105 udzia\u0142 w turniejach i ligach m\u0142odzie\u017cowych, zdobywaj\u0105c czo\u0142owe lokaty. Wielu wychowank\u00f3w akademii trafia do profesjonalnych klub\u00f3w w Polsce i za granic\u0105, co \u015bwiadczy o wysokiej jako\u015bci szkolenia. <b>Sukcesy<\/b> s\u0105 wynikiem ci\u0119\u017ckiej pracy zar\u00f3wno zawodnik\u00f3w, jak i trener\u00f3w.<\/span><\/p>\t\t\t\t\t\t\t\t<\/div>\n\t\t\t\t<\/div>\n\t\t\t\t\t<\/div>\n\t\t<\/div>\n\t\t\t\t<div class=\"elementor-column elementor-col-50 elementor-inner-column elementor-element elementor-element-62eda24\" data-id=\"62eda24\" data-element_type=\"column\">\n\t\t\t<div class=\"elementor-widget-wrap elementor-element-populated\">\n\t\t\t\t\t\t<div class=\"elementor-element elementor-element-a35c0a7 elementor-widget elementor-widget-text-editor\" data-id=\"a35c0a7\" data-element_type=\"widget\" data-widget_type=\"text-editor.default\">\n\t\t\t\t<div class=\"elementor-widget-container\">\n\t\t\t\t\t\t\t\t\t<p style=\"text-align: center;\"><span style=\"color: #000000;\">Jednym z najwa\u017cniejszych cel\u00f3w akademii jest przygotowanie m\u0142odych zawodnik\u00f3w do kariery profesjonalnego pi\u0142karza. Z tego powodu k\u0142adzie si\u0119 du\u017cy nacisk na regularne sparingi z innymi klubami, co pozwala na sprawdzenie umiej\u0119tno\u015bci w warunkach meczowych. Akademia Deyny to ku\u017ania talent\u00f3w, kt\u00f3ra z dum\u0105 podtrzymuje dziedzictwo Kazimierza Deyny, inspiruj\u0105c kolejne pokolenia do osi\u0105gania sportowej perfekcji.<\/span><\/p>\t\t\t\t\t\t\t\t<\/div>\n\t\t\t\t<\/div>\n\t\t\t\t\t<\/div>\n\t\t<\/div>\n\t\t\t\t\t<\/div>\n\t\t<\/section>\n\t\t\t\t\t<\/div>\n\t\t<\/div>\n\t\t\t\t\t<\/div>\n\t\t<\/section>\n\t\t\t\t<section class=\"elementor-section elementor-top-section elementor-element elementor-element-432362d elementor-section-boxed elementor-section-height-default elementor-section-height-default\" data-id=\"432362d\" data-element_type=\"section\">\n\t\t\t\t\t\t<div class=\"elementor-container elementor-column-gap-default\">\n\t\t\t\t\t<div class=\"elementor-column elementor-col-100 elementor-top-column elementor-element elementor-element-36fa362\" data-id=\"36fa362\" data-element_type=\"column\">\n\t\t\t<div class=\"elementor-widget-wrap elementor-element-populated\">\n\t\t\t\t\t\t<div class=\"elementor-element elementor-element-160c158 elementor-widget elementor-widget-heading\" data-id=\"160c158\" data-element_type=\"widget\" data-widget_type=\"heading.default\">\n\t\t\t\t<div class=\"elementor-widget-container\">\n\t\t\t\t\t<h2 class=\"elementor-heading-title elementor-size-default\">Do\u0142\u0105cz do Akademii Pi\u0142karskiej Deyny\n<\/h2>\t\t\t\t<\/div>\n\t\t\t\t<\/div>\n\t\t\t\t\t<\/div>\n\t\t<\/div>\n\t\t\t\t\t<\/div>\n\t\t<\/section>\n\t\t\t\t<section class=\"elementor-section elementor-top-section elementor-element elementor-element-a48f478 elementor-section-boxed elementor-section-height-default elementor-section-height-default\" data-id=\"a48f478\" data-element_type=\"section\">\n\t\t\t\t\t\t<div class=\"elementor-container elementor-column-gap-default\">\n\t\t\t\t\t<div class=\"elementor-column elementor-col-100 elementor-top-column elementor-element elementor-element-e034e46\" data-id=\"e034e46\" data-element_type=\"column\">\n\t\t\t<div class=\"elementor-widget-wrap elementor-element-populated\">\n\t\t\t\t\t\t<div class=\"elementor-element elementor-element-6204ac7 elementor-widget elementor-widget-text-editor\" data-id=\"6204ac7\" data-element_type=\"widget\" data-widget_type=\"text-editor.default\">\n\t\t\t\t<div class=\"elementor-widget-container\">\n\t\t\t\t\t\t\t\t\t<p style=\"text-align: center;\"><span style=\"color: #000000;\">Je\u015bli Twoje dziecko marzy o karierze pi\u0142karskiej i szuka miejsca, gdzie b\u0119dzie mog\u0142o rozwija\u0107 sw\u00f3j talent w bezpiecznym i profesjonalnym \u015brodowisku, Akademia Pi\u0142karska Deyny jest idealnym wyborem. Regularnie organizowane s\u0105 <b>nabory<\/b>, kt\u00f3re pozwalaj\u0105 na do\u0142\u0105czenie do dru\u017cyn w r\u00f3\u017cnych kategoriach wiekowych.<\/span><\/p><p style=\"text-align: center;\"><span style=\"color: #000000;\">Zapraszamy do kontaktu i odwiedzenia naszej siedziby w Warszawie, aby zobaczy\u0107, jak wygl\u0105da codzienny trening i pozna\u0107 nasz\u0105 filozofi\u0119. Niezale\u017cnie od tego, czy Twoje dziecko dopiero zaczyna swoj\u0105 przygod\u0119 z pi\u0142k\u0105, czy jest ju\u017c zaawansowanym zawodnikiem, w Akademii Pi\u0142karskiej Deyny znajdzie odpowiednie miejsce do rozwoju.<\/span><\/p><p style=\"text-align: center;\"><span style=\"color: #000000;\">Do\u0142\u0105cz do grona przysz\u0142ych mistrz\u00f3w i pozw\u00f3l swojemu dziecku na spe\u0142nienie marze\u0144 o wielkiej pi\u0142ce!<\/span><\/p>\t\t\t\t\t\t\t\t<\/div>\n\t\t\t\t<\/div>\n\t\t\t\t\t<\/div>\n\t\t<\/div>\n\t\t\t\t\t<\/div>\n\t\t<\/section>\n\t\t\t\t<\/div>","protected":false},"excerpt":{"rendered":"<p>Akademia Pi\u0142karska Deyny to wyj\u0105tkowe miejsce na mapie polskiego futbolu, dedykowane rozwijaniu m\u0142odych talent\u00f3w. Zlokalizowana w sercu Warszawy, nosi imi\u0119 Kazimierza Deyny, jednego z najwybitniejszych polskich pi\u0142karzy w historii. Jej g\u0142\u00f3wnym celem jest nie tylko szkolenie technicznych i taktycznych umiej\u0119tno\u015bci, ale przede wszystkim kszta\u0142towanie charakter\u00f3w i promowanie warto\u015bci sportowych, takich jak fair play, ci\u0119\u017cka praca [&hellip;]<\/p>","protected":false},"author":1,"featured_media":0,"parent":0,"menu_order":0,"comment_status":"closed","ping_status":"closed","template":"elementor_theme","meta":{"footnotes":""},"class_list":["post-68","page","type-page","status-publish","hentry"],"yoast_head":"<!-- This site is optimized with the Yoast SEO plugin v25.7 - https:\/\/yoast.com\/wordpress\/plugins\/seo\/ -->\n<title>Akademia Deyny - FUNDACJA DEYNY<\/title>\n<meta name=\"description\" content=\"Akademia Deyny \u2013 indywidualne treningi pi\u0142karskie i motoryczne dla dzieci i m\u0142odzie\u017cy. Ma\u0142e grupy, trenerzy UEFA, dietetyk. Zapisz si\u0119 \u26bd\" \/>\n<meta name=\"robots\" content=\"index, follow, max-snippet:-1, max-image-preview:large, max-video-preview:-1\" \/>\n<link rel=\"canonical\" href=\"https:\/\/fundacjadeyny.pl\/en\/akademia-deyny\/\" \/>\n<meta property=\"og:locale\" content=\"en_US\" \/>\n<meta property=\"og:type\" content=\"article\" \/>\n<meta property=\"og:title\" content=\"Akademia Deyny - FUNDACJA DEYNY\" \/>\n<meta property=\"og:description\" content=\"Akademia Deyny \u2013 indywidualne treningi pi\u0142karskie i motoryczne dla dzieci i m\u0142odzie\u017cy. Ma\u0142e grupy, trenerzy UEFA, dietetyk. Zapisz si\u0119 \u26bd\" \/>\n<meta property=\"og:url\" content=\"https:\/\/fundacjadeyny.pl\/en\/akademia-deyny\/\" \/>\n<meta property=\"og:site_name\" content=\"FUNDACJA DEYNY\" \/>\n<meta property=\"article:modified_time\" content=\"2025-08-21T08:46:39+00:00\" \/>\n<meta property=\"og:image\" content=\"https:\/\/fundacjadeyny.pl\/wp-content\/uploads\/2025\/08\/deyna-logo-poprawne.jpg\" \/>\n\t<meta property=\"og:image:width\" content=\"1121\" \/>\n\t<meta property=\"og:image:height\" content=\"1155\" \/>\n\t<meta property=\"og:image:type\" content=\"image\/jpeg\" \/>\n<meta name=\"twitter:card\" content=\"summary_large_image\" \/>\n<meta name=\"twitter:label1\" content=\"Est. reading time\" \/>\n\t<meta name=\"twitter:data1\" content=\"3 minutes\" \/>\n<script type=\"application\/ld+json\" class=\"yoast-schema-graph\">{\"@context\":\"https:\/\/schema.org\",\"@graph\":[{\"@type\":\"WebPage\",\"@id\":\"https:\/\/fundacjadeyny.pl\/akademia-deyny\/\",\"url\":\"https:\/\/fundacjadeyny.pl\/akademia-deyny\/\",\"name\":\"Akademia Deyny - FUNDACJA DEYNY\",\"isPartOf\":{\"@id\":\"https:\/\/fundacjadeyny.pl\/#website\"},\"primaryImageOfPage\":{\"@id\":\"https:\/\/fundacjadeyny.pl\/akademia-deyny\/#primaryimage\"},\"image\":{\"@id\":\"https:\/\/fundacjadeyny.pl\/akademia-deyny\/#primaryimage\"},\"thumbnailUrl\":\"https:\/\/fundacjadeyny.pl\/wp-content\/uploads\/2025\/08\/deyna-logo-poprawne-994x1024.jpg\",\"datePublished\":\"2022-01-03T11:45:01+00:00\",\"dateModified\":\"2025-08-21T08:46:39+00:00\",\"description\":\"Akademia Deyny \u2013 indywidualne treningi pi\u0142karskie i motoryczne dla dzieci i m\u0142odzie\u017cy. Ma\u0142e grupy, trenerzy UEFA, dietetyk. Zapisz si\u0119 \u26bd\",\"breadcrumb\":{\"@id\":\"https:\/\/fundacjadeyny.pl\/akademia-deyny\/#breadcrumb\"},\"inLanguage\":\"en-US\",\"potentialAction\":[{\"@type\":\"ReadAction\",\"target\":[\"https:\/\/fundacjadeyny.pl\/akademia-deyny\/\"]}]},{\"@type\":\"ImageObject\",\"inLanguage\":\"en-US\",\"@id\":\"https:\/\/fundacjadeyny.pl\/akademia-deyny\/#primaryimage\",\"url\":\"https:\/\/fundacjadeyny.pl\/wp-content\/uploads\/2025\/08\/deyna-logo-poprawne-994x1024.jpg\",\"contentUrl\":\"https:\/\/fundacjadeyny.pl\/wp-content\/uploads\/2025\/08\/deyna-logo-poprawne-994x1024.jpg\"},{\"@type\":\"BreadcrumbList\",\"@id\":\"https:\/\/fundacjadeyny.pl\/akademia-deyny\/#breadcrumb\",\"itemListElement\":[{\"@type\":\"ListItem\",\"position\":1,\"name\":\"Strona g\u0142\u00f3wna\",\"item\":\"https:\/\/fundacjadeyny.pl\/\"},{\"@type\":\"ListItem\",\"position\":2,\"name\":\"Akademia Deyny\"}]},{\"@type\":\"WebSite\",\"@id\":\"https:\/\/fundacjadeyny.pl\/#website\",\"url\":\"https:\/\/fundacjadeyny.pl\/\",\"name\":\"FUNDACJA DEYNY\",\"description\":\"FUNDACJA DEYNY\",\"publisher\":{\"@id\":\"https:\/\/fundacjadeyny.pl\/#organization\"},\"potentialAction\":[{\"@type\":\"SearchAction\",\"target\":{\"@type\":\"EntryPoint\",\"urlTemplate\":\"https:\/\/fundacjadeyny.pl\/?s={search_term_string}\"},\"query-input\":{\"@type\":\"PropertyValueSpecification\",\"valueRequired\":true,\"valueName\":\"search_term_string\"}}],\"inLanguage\":\"en-US\"},{\"@type\":\"Organization\",\"@id\":\"https:\/\/fundacjadeyny.pl\/#organization\",\"name\":\"FUNDACJA DEYNY\",\"url\":\"https:\/\/fundacjadeyny.pl\/\",\"logo\":{\"@type\":\"ImageObject\",\"inLanguage\":\"en-US\",\"@id\":\"https:\/\/fundacjadeyny.pl\/#\/schema\/logo\/image\/\",\"url\":\"https:\/\/fundacjadeyny.pl\/wp-content\/uploads\/2022\/01\/cropped-logo-1.png\",\"contentUrl\":\"https:\/\/fundacjadeyny.pl\/wp-content\/uploads\/2022\/01\/cropped-logo-1.png\",\"width\":427,\"height\":415,\"caption\":\"FUNDACJA DEYNY\"},\"image\":{\"@id\":\"https:\/\/fundacjadeyny.pl\/#\/schema\/logo\/image\/\"}}]}<\/script>\n<!-- \/ Yoast SEO plugin. -->","yoast_head_json":{"title":"Akademia Deyny - FUNDACJA DEYNY","description":"Akademia Deyny \u2013 indywidualne treningi pi\u0142karskie i motoryczne dla dzieci i m\u0142odzie\u017cy. Ma\u0142e grupy, trenerzy UEFA, dietetyk. Zapisz si\u0119 \u26bd","robots":{"index":"index","follow":"follow","max-snippet":"max-snippet:-1","max-image-preview":"max-image-preview:large","max-video-preview":"max-video-preview:-1"},"canonical":"https:\/\/fundacjadeyny.pl\/en\/akademia-deyny\/","og_locale":"en_US","og_type":"article","og_title":"Akademia Deyny - FUNDACJA DEYNY","og_description":"Akademia Deyny \u2013 indywidualne treningi pi\u0142karskie i motoryczne dla dzieci i m\u0142odzie\u017cy. Ma\u0142e grupy, trenerzy UEFA, dietetyk. Zapisz si\u0119 \u26bd","og_url":"https:\/\/fundacjadeyny.pl\/en\/akademia-deyny\/","og_site_name":"FUNDACJA DEYNY","article_modified_time":"2025-08-21T08:46:39+00:00","og_image":[{"width":1121,"height":1155,"url":"https:\/\/fundacjadeyny.pl\/wp-content\/uploads\/2025\/08\/deyna-logo-poprawne.jpg","type":"image\/jpeg"}],"twitter_card":"summary_large_image","twitter_misc":{"Est. reading time":"3 minutes"},"schema":{"@context":"https:\/\/schema.org","@graph":[{"@type":"WebPage","@id":"https:\/\/fundacjadeyny.pl\/akademia-deyny\/","url":"https:\/\/fundacjadeyny.pl\/akademia-deyny\/","name":"Akademia Deyny - FUNDACJA DEYNY","isPartOf":{"@id":"https:\/\/fundacjadeyny.pl\/#website"},"primaryImageOfPage":{"@id":"https:\/\/fundacjadeyny.pl\/akademia-deyny\/#primaryimage"},"image":{"@id":"https:\/\/fundacjadeyny.pl\/akademia-deyny\/#primaryimage"},"thumbnailUrl":"https:\/\/fundacjadeyny.pl\/wp-content\/uploads\/2025\/08\/deyna-logo-poprawne-994x1024.jpg","datePublished":"2022-01-03T11:45:01+00:00","dateModified":"2025-08-21T08:46:39+00:00","description":"Akademia Deyny \u2013 indywidualne treningi pi\u0142karskie i motoryczne dla dzieci i m\u0142odzie\u017cy. Ma\u0142e grupy, trenerzy UEFA, dietetyk. Zapisz si\u0119 \u26bd","breadcrumb":{"@id":"https:\/\/fundacjadeyny.pl\/akademia-deyny\/#breadcrumb"},"inLanguage":"en-US","potentialAction":[{"@type":"ReadAction","target":["https:\/\/fundacjadeyny.pl\/akademia-deyny\/"]}]},{"@type":"ImageObject","inLanguage":"en-US","@id":"https:\/\/fundacjadeyny.pl\/akademia-deyny\/#primaryimage","url":"https:\/\/fundacjadeyny.pl\/wp-content\/uploads\/2025\/08\/deyna-logo-poprawne-994x1024.jpg","contentUrl":"https:\/\/fundacjadeyny.pl\/wp-content\/uploads\/2025\/08\/deyna-logo-poprawne-994x1024.jpg"},{"@type":"BreadcrumbList","@id":"https:\/\/fundacjadeyny.pl\/akademia-deyny\/#breadcrumb","itemListElement":[{"@type":"ListItem","position":1,"name":"Strona g\u0142\u00f3wna","item":"https:\/\/fundacjadeyny.pl\/"},{"@type":"ListItem","position":2,"name":"Akademia Deyny"}]},{"@type":"WebSite","@id":"https:\/\/fundacjadeyny.pl\/#website","url":"https:\/\/fundacjadeyny.pl\/","name":"FUNDACJA DEYNY","description":"FUNDACJA DEYNY","publisher":{"@id":"https:\/\/fundacjadeyny.pl\/#organization"},"potentialAction":[{"@type":"SearchAction","target":{"@type":"EntryPoint","urlTemplate":"https:\/\/fundacjadeyny.pl\/?s={search_term_string}"},"query-input":{"@type":"PropertyValueSpecification","valueRequired":true,"valueName":"search_term_string"}}],"inLanguage":"en-US"},{"@type":"Organization","@id":"https:\/\/fundacjadeyny.pl\/#organization","name":"FUNDACJA DEYNY","url":"https:\/\/fundacjadeyny.pl\/","logo":{"@type":"ImageObject","inLanguage":"en-US","@id":"https:\/\/fundacjadeyny.pl\/#\/schema\/logo\/image\/","url":"https:\/\/fundacjadeyny.pl\/wp-content\/uploads\/2022\/01\/cropped-logo-1.png","contentUrl":"https:\/\/fundacjadeyny.pl\/wp-content\/uploads\/2022\/01\/cropped-logo-1.png","width":427,"height":415,"caption":"FUNDACJA DEYNY"},"image":{"@id":"https:\/\/fundacjadeyny.pl\/#\/schema\/logo\/image\/"}}]}},"_links":{"self":[{"href":"https:\/\/fundacjadeyny.pl\/en\/wp-json\/wp\/v2\/pages\/68","targetHints":{"allow":["GET"]}}],"collection":[{"href":"https:\/\/fundacjadeyny.pl\/en\/wp-json\/wp\/v2\/pages"}],"about":[{"href":"https:\/\/fundacjadeyny.pl\/en\/wp-json\/wp\/v2\/types\/page"}],"author":[{"embeddable":true,"href":"https:\/\/fundacjadeyny.pl\/en\/wp-json\/wp\/v2\/users\/1"}],"replies":[{"embeddable":true,"href":"https:\/\/fundacjadeyny.pl\/en\/wp-json\/wp\/v2\/comments?post=68"}],"version-history":[{"count":60,"href":"https:\/\/fundacjadeyny.pl\/en\/wp-json\/wp\/v2\/pages\/68\/revisions"}],"predecessor-version":[{"id":883,"href":"https:\/\/fundacjadeyny.pl\/en\/wp-json\/wp\/v2\/pages\/68\/revisions\/883"}],"wp:attachment":[{"href":"https:\/\/fundacjadeyny.pl\/en\/wp-json\/wp\/v2\/media?parent=68"}],"curies":[{"name":"wp","href":"https:\/\/api.w.org\/{rel}","templated":true}]}}