{"id":80,"date":"2022-01-03T12:45:01","date_gmt":"2022-01-03T11:45:01","guid":{"rendered":"http:\/\/admin"},"modified":"2025-08-18T16:11:46","modified_gmt":"2025-08-18T14:11:46","slug":"kontakt","status":"publish","type":"page","link":"https:\/\/fundacjadeyny.pl\/en\/kontakt\/","title":{"rendered":"Contact"},"content":{"rendered":"<div data-elementor-type=\"wp-page\" data-elementor-id=\"80\" class=\"elementor elementor-80\">\n\t\t\t\t\t\t<section class=\"elementor-section elementor-top-section elementor-element elementor-element-92e8c32 elementor-section-boxed elementor-section-height-default elementor-section-height-default\" data-id=\"92e8c32\" data-element_type=\"section\">\n\t\t\t\t\t\t<div class=\"elementor-container elementor-column-gap-default\">\n\t\t\t\t\t<div class=\"elementor-column elementor-col-100 elementor-top-column elementor-element elementor-element-5f38ba3\" data-id=\"5f38ba3\" data-element_type=\"column\">\n\t\t\t<div class=\"elementor-widget-wrap elementor-element-populated\">\n\t\t\t\t\t\t<div class=\"elementor-element elementor-element-b1b8091 elementor-widget elementor-widget-heading\" data-id=\"b1b8091\" data-element_type=\"widget\" data-widget_type=\"heading.default\">\n\t\t\t\t<div class=\"elementor-widget-container\">\n\t\t\t\t\t<h2 class=\"elementor-heading-title elementor-size-default\">Dane Kontaktowe:<\/h2>\t\t\t\t<\/div>\n\t\t\t\t<\/div>\n\t\t\t\t<div class=\"elementor-element elementor-element-e118722 elementor-widget elementor-widget-text-editor\" data-id=\"e118722\" data-element_type=\"widget\" data-widget_type=\"text-editor.default\">\n\t\t\t\t<div class=\"elementor-widget-container\">\n\t\t\t\t\t\t\t\t\t<div class=\"elementor-element elementor-element-36407b2 elementor-widget elementor-widget-text-editor\" data-id=\"36407b2\" data-element_type=\"widget\" data-widget_type=\"text-editor.default\"><div class=\"elementor-widget-container\"><p style=\"text-align: center;\"><span style=\"color: #000000;\">FUNDACJA IM. KAZIMIERZA DEYNY<\/span><\/p><p style=\"text-align: center;\"><span style=\"color: #000000;\">TEL:\u00a0<a style=\"color: #000000;\" href=\"tel:+48661677677\">661-677-677<\/a><\/span><br \/><span style=\"color: #000000;\">MAIL:\u00a0<a style=\"color: #000000;\" href=\"mailto:sekretariat@fundacjadeyny.pl\">sekretariat@fundacjadeyny.pl<\/a><\/span><br \/><br \/><span style=\"color: #000000;\">E-DOR\u0118CZENIA: AE:PL-53570-20774-FESJI-31<\/span><\/p><\/div><\/div><div class=\"elementor-element elementor-element-32a99d9 elementor-widget elementor-widget-text-editor\" data-id=\"32a99d9\" data-element_type=\"widget\" data-widget_type=\"text-editor.default\"><div class=\"elementor-widget-container\"><p style=\"text-align: center;\"><span style=\"color: #000000;\">KRS: 0000362461 | NIP: 5252488423 | REGON: 142607427<\/span><\/p><p style=\"text-align: center;\"><span style=\"color: #000000;\">KONTO BANKOWE: 13 1090 1014 0000 0001 5044 4953<\/span><\/p><\/div><\/div>\t\t\t\t\t\t\t\t<\/div>\n\t\t\t\t<\/div>\n\t\t\t\t\t<\/div>\n\t\t<\/div>\n\t\t\t\t\t<\/div>\n\t\t<\/section>\n\t\t\t\t<section class=\"elementor-section elementor-top-section elementor-element elementor-element-6e069b7 elementor-section-boxed elementor-section-height-default elementor-section-height-default\" data-id=\"6e069b7\" data-element_type=\"section\">\n\t\t\t\t\t\t<div class=\"elementor-container elementor-column-gap-default\">\n\t\t\t\t\t<div class=\"elementor-column elementor-col-100 elementor-top-column elementor-element elementor-element-2048021\" data-id=\"2048021\" data-element_type=\"column\">\n\t\t\t<div class=\"elementor-widget-wrap elementor-element-populated\">\n\t\t\t\t\t\t<div class=\"elementor-element elementor-element-ac413f9 elementor-widget elementor-widget-heading\" data-id=\"ac413f9\" data-element_type=\"widget\" data-widget_type=\"heading.default\">\n\t\t\t\t<div class=\"elementor-widget-container\">\n\t\t\t\t\t<h3 class=\"elementor-heading-title elementor-size-default\">Formularz Kontaktowy<\/h3>\t\t\t\t<\/div>\n\t\t\t\t<\/div>\n\t\t\t\t<div class=\"elementor-element elementor-element-4e7c1dd elementor-widget elementor-widget-shortcode\" data-id=\"4e7c1dd\" data-element_type=\"widget\" data-widget_type=\"shortcode.default\">\n\t\t\t\t<div class=\"elementor-widget-container\">\n\t\t\t\t\t\t\t<div class=\"elementor-shortcode\"><div class='fluentform ff-default fluentform_wrapper_3 ffs_default_wrap'><form data-form_id=\"3\" id=\"fluentform_3\" class=\"frm-fluent-form fluent_form_3 ff-el-form-top ff_form_instance_3_1 ff-form-loading ffs_default\" data-form_instance=\"ff_form_instance_3_1\" method=\"POST\" action=\"\" ><fieldset  style=\"border: none!important;margin: 0!important;padding: 0!important;background-color: transparent!important;box-shadow: none!important;outline: none!important; min-inline-size: 100%;\">\n                    <legend class=\"ff_screen_reader_title\" style=\"display: block; margin: 0!important;padding: 0!important;height: 0!important;text-indent: -999999px;width: 0!important;overflow:hidden;\">Formularz kontaktowy - fundacjadeyny.pl<\/legend><input type='hidden' name='__fluent_form_embded_post_id' value='80' \/><input type=\"hidden\" id=\"_fluentform_3_fluentformnonce\" name=\"_fluentform_3_fluentformnonce\" value=\"b17f921afa\" \/><input type=\"hidden\" name=\"_wp_http_referer\" value=\"\/en\/wp-json\/wp\/v2\/pages\/80\" \/><div data-type=\"name-element\" data-name=\"names\" class=\"ff-field_container ff-name-field-wrapper\" ><div class='ff-t-container'><div class='ff-t-cell'><div class='ff-el-group'><div class=\"ff-el-input--label ff-el-is-required asterisk-right\"><label for='ff_3_names_first_name_' >Imi\u0119<\/label><\/div><div class='ff-el-input--content'><input type=\"text\" name=\"names[first_name]\" id=\"ff_3_names_first_name_\" class=\"ff-el-form-control\" aria-invalid=\"false\" aria-required=\"true\"><\/div><\/div><\/div><div class='ff-t-cell'><div class='ff-el-group'><div class=\"ff-el-input--label ff-el-is-required asterisk-right\"><label for='ff_3_names_last_name_' >Nazwisko<\/label><\/div><div class='ff-el-input--content'><input type=\"text\" name=\"names[last_name]\" id=\"ff_3_names_last_name_\" class=\"ff-el-form-control\" aria-invalid=\"false\" aria-required=\"true\"><\/div><\/div><\/div><\/div><\/div><div class='ff-el-group'><div class=\"ff-el-input--label ff-el-is-required asterisk-right\"><label for='ff_3_email' aria-label=\"Adres e-mail\">Adres e-mail<\/label><\/div><div class='ff-el-input--content'><input type=\"email\" name=\"email\" id=\"ff_3_email\" class=\"ff-el-form-control\" data-name=\"email\"  aria-invalid=\"false\" aria-required=\"true\"><\/div><\/div><div class='ff-el-group'><div class=\"ff-el-input--label asterisk-right\"><label for='ff_3_input_text' aria-label=\"Telefon\">Telefon<\/label><\/div><div class='ff-el-input--content'><input type=\"text\" name=\"input_text\" class=\"ff-el-form-control\" data-name=\"input_text\" id=\"ff_3_input_text\"  aria-invalid=\"false\" aria-required=\"false\"><\/div><\/div><div class='ff-el-group'><div class=\"ff-el-input--label ff-el-is-required asterisk-right\"><label for='ff_3_message' aria-label=\"Wiadomo\u015b\u0107\">Wiadomo\u015b\u0107<\/label><\/div><div class='ff-el-input--content'><textarea aria-invalid=\"false\" aria-required=\"true\" name=\"message\" id=\"ff_3_message\" class=\"ff-el-form-control\" rows=\"4\" cols=\"1\" data-name=\"message\" ><\/textarea><\/div><\/div><div class='ff-el-group ff-text-left ff_submit_btn_wrapper'><button type=\"submit\" class=\"ff-btn ff-btn-submit ff-btn-md ff_btn_style wpf_has_custom_css\" >Wy\u015blij<\/button><\/div><\/fieldset><input type=\"hidden\" name=\"trp-form-language\" value=\"en\"\/><\/form><div id='fluentform_3_errors' class='ff-errors-in-stack ff_form_instance_3_1 ff-form-loading_errors ff_form_instance_3_1_errors'><\/div><\/div>        <script type=\"text\/javascript\">\n            window.fluent_form_ff_form_instance_3_1 = {\"id\":\"3\",\"settings\":{\"layout\":{\"labelPlacement\":\"top\",\"asteriskPlacement\":\"asterisk-right\",\"helpMessagePlacement\":\"with_label\",\"errorMessagePlacement\":\"inline\",\"cssClassName\":\"\"},\"restrictions\":{\"denyEmptySubmission\":{\"enabled\":false}}},\"form_instance\":\"ff_form_instance_3_1\",\"form_id_selector\":\"fluentform_3\",\"rules\":{\"names[first_name]\":{\"required\":{\"value\":true,\"message\":\"To pole jest wymagane\",\"global\":false,\"global_message\":\"This field is required\"}},\"names[middle_name]\":{\"required\":{\"value\":false,\"message\":\"This field is required\",\"global\":true,\"global_message\":\"This field is required\"}},\"names[last_name]\":{\"required\":{\"value\":true,\"message\":\"To pole jest wymagane\",\"global\":false,\"global_message\":\"This field is required\"}},\"email\":{\"required\":{\"value\":true,\"message\":\"To pole jest wymagane\",\"global\":false,\"global_message\":\"This field is required\"},\"email\":{\"value\":true,\"message\":\"Prosz\\u0119 poda\\u0107 istniej\\u0105cy adres e-mail\",\"global\":false,\"global_message\":\"This field must contain a valid email\"}},\"input_text\":{\"required\":{\"value\":false,\"message\":\"This field is required\",\"global_message\":\"This field is required\",\"global\":false}},\"message\":{\"required\":{\"value\":true,\"message\":\"To pole jest wymagane\",\"global\":false,\"global_message\":\"This field is required\"}}},\"debounce_time\":300};\n                    <\/script>\n        <\/div>\n\t\t\t\t\t\t<\/div>\n\t\t\t\t<\/div>\n\t\t\t\t\t<\/div>\n\t\t<\/div>\n\t\t\t\t\t<\/div>\n\t\t<\/section>\n\t\t\t\t<\/div>","protected":false},"excerpt":{"rendered":"<p>Dane Kontaktowe: FUNDACJA IM. KAZIMIERZA DEYNY TEL:\u00a0661-677-677MAIL:\u00a0sekretariat@fundacjadeyny.pl E-DOR\u0118CZENIA: AE:PL-53570-20774-FESJI-31 KRS: 0000362461 | NIP: 5252488423 | REGON: 142607427 KONTO BANKOWE: 13 1090 1014 0000 0001 5044 4953 Formularz Kontaktowy<\/p>","protected":false},"author":1,"featured_media":0,"parent":0,"menu_order":0,"comment_status":"closed","ping_status":"closed","template":"elementor_theme","meta":{"footnotes":""},"class_list":["post-80","page","type-page","status-publish","hentry"],"yoast_head":"<!-- This site is optimized with the Yoast SEO plugin v25.7 - https:\/\/yoast.com\/wordpress\/plugins\/seo\/ -->\n<title>Kontakt - FUNDACJA DEYNY<\/title>\n<meta name=\"description\" content=\"\u26bd Masz pytania lub chcesz wsp\u00f3\u0142pracowa\u0107? Skontaktuj si\u0119 z Fundacj\u0105 Deyny i wspieraj nasze dzia\u0142ania na rzecz sportu i pami\u0119ci \u26bd\u26bd\" \/>\n<meta name=\"robots\" content=\"index, follow, max-snippet:-1, max-image-preview:large, max-video-preview:-1\" \/>\n<link rel=\"canonical\" href=\"https:\/\/fundacjadeyny.pl\/en\/kontakt\/\" \/>\n<meta property=\"og:locale\" content=\"en_US\" \/>\n<meta property=\"og:type\" content=\"article\" \/>\n<meta property=\"og:title\" content=\"Kontakt - FUNDACJA DEYNY\" \/>\n<meta property=\"og:description\" content=\"\u26bd Masz pytania lub chcesz wsp\u00f3\u0142pracowa\u0107? Skontaktuj si\u0119 z Fundacj\u0105 Deyny i wspieraj nasze dzia\u0142ania na rzecz sportu i pami\u0119ci \u26bd\u26bd\" \/>\n<meta property=\"og:url\" content=\"https:\/\/fundacjadeyny.pl\/en\/kontakt\/\" \/>\n<meta property=\"og:site_name\" content=\"FUNDACJA DEYNY\" \/>\n<meta property=\"article:modified_time\" content=\"2025-08-18T14:11:46+00:00\" \/>\n<meta name=\"twitter:card\" content=\"summary_large_image\" \/>\n<meta name=\"twitter:label1\" content=\"Est. reading time\" \/>\n\t<meta name=\"twitter:data1\" content=\"1 minute\" \/>\n<script type=\"application\/ld+json\" class=\"yoast-schema-graph\">{\"@context\":\"https:\/\/schema.org\",\"@graph\":[{\"@type\":\"WebPage\",\"@id\":\"https:\/\/fundacjadeyny.pl\/kontakt\/\",\"url\":\"https:\/\/fundacjadeyny.pl\/kontakt\/\",\"name\":\"Kontakt - FUNDACJA DEYNY\",\"isPartOf\":{\"@id\":\"https:\/\/fundacjadeyny.pl\/#website\"},\"datePublished\":\"2022-01-03T11:45:01+00:00\",\"dateModified\":\"2025-08-18T14:11:46+00:00\",\"description\":\"\u26bd Masz pytania lub chcesz wsp\u00f3\u0142pracowa\u0107? Skontaktuj si\u0119 z Fundacj\u0105 Deyny i wspieraj nasze dzia\u0142ania na rzecz sportu i pami\u0119ci \u26bd\u26bd\",\"breadcrumb\":{\"@id\":\"https:\/\/fundacjadeyny.pl\/kontakt\/#breadcrumb\"},\"inLanguage\":\"en-US\",\"potentialAction\":[{\"@type\":\"ReadAction\",\"target\":[\"https:\/\/fundacjadeyny.pl\/kontakt\/\"]}]},{\"@type\":\"BreadcrumbList\",\"@id\":\"https:\/\/fundacjadeyny.pl\/kontakt\/#breadcrumb\",\"itemListElement\":[{\"@type\":\"ListItem\",\"position\":1,\"name\":\"Strona g\u0142\u00f3wna\",\"item\":\"https:\/\/fundacjadeyny.pl\/\"},{\"@type\":\"ListItem\",\"position\":2,\"name\":\"Kontakt\"}]},{\"@type\":\"WebSite\",\"@id\":\"https:\/\/fundacjadeyny.pl\/#website\",\"url\":\"https:\/\/fundacjadeyny.pl\/\",\"name\":\"FUNDACJA DEYNY\",\"description\":\"FUNDACJA DEYNY\",\"publisher\":{\"@id\":\"https:\/\/fundacjadeyny.pl\/#organization\"},\"potentialAction\":[{\"@type\":\"SearchAction\",\"target\":{\"@type\":\"EntryPoint\",\"urlTemplate\":\"https:\/\/fundacjadeyny.pl\/?s={search_term_string}\"},\"query-input\":{\"@type\":\"PropertyValueSpecification\",\"valueRequired\":true,\"valueName\":\"search_term_string\"}}],\"inLanguage\":\"en-US\"},{\"@type\":\"Organization\",\"@id\":\"https:\/\/fundacjadeyny.pl\/#organization\",\"name\":\"FUNDACJA DEYNY\",\"url\":\"https:\/\/fundacjadeyny.pl\/\",\"logo\":{\"@type\":\"ImageObject\",\"inLanguage\":\"en-US\",\"@id\":\"https:\/\/fundacjadeyny.pl\/#\/schema\/logo\/image\/\",\"url\":\"https:\/\/fundacjadeyny.pl\/wp-content\/uploads\/2022\/01\/cropped-logo-1.png\",\"contentUrl\":\"https:\/\/fundacjadeyny.pl\/wp-content\/uploads\/2022\/01\/cropped-logo-1.png\",\"width\":427,\"height\":415,\"caption\":\"FUNDACJA DEYNY\"},\"image\":{\"@id\":\"https:\/\/fundacjadeyny.pl\/#\/schema\/logo\/image\/\"}}]}<\/script>\n<!-- \/ Yoast SEO plugin. -->","yoast_head_json":{"title":"Kontakt - FUNDACJA DEYNY","description":"\u26bd Masz pytania lub chcesz wsp\u00f3\u0142pracowa\u0107? Skontaktuj si\u0119 z Fundacj\u0105 Deyny i wspieraj nasze dzia\u0142ania na rzecz sportu i pami\u0119ci \u26bd\u26bd","robots":{"index":"index","follow":"follow","max-snippet":"max-snippet:-1","max-image-preview":"max-image-preview:large","max-video-preview":"max-video-preview:-1"},"canonical":"https:\/\/fundacjadeyny.pl\/en\/kontakt\/","og_locale":"en_US","og_type":"article","og_title":"Kontakt - FUNDACJA DEYNY","og_description":"\u26bd Masz pytania lub chcesz wsp\u00f3\u0142pracowa\u0107? Skontaktuj si\u0119 z Fundacj\u0105 Deyny i wspieraj nasze dzia\u0142ania na rzecz sportu i pami\u0119ci \u26bd\u26bd","og_url":"https:\/\/fundacjadeyny.pl\/en\/kontakt\/","og_site_name":"FUNDACJA DEYNY","article_modified_time":"2025-08-18T14:11:46+00:00","twitter_card":"summary_large_image","twitter_misc":{"Est. reading time":"1 minute"},"schema":{"@context":"https:\/\/schema.org","@graph":[{"@type":"WebPage","@id":"https:\/\/fundacjadeyny.pl\/kontakt\/","url":"https:\/\/fundacjadeyny.pl\/kontakt\/","name":"Kontakt - FUNDACJA DEYNY","isPartOf":{"@id":"https:\/\/fundacjadeyny.pl\/#website"},"datePublished":"2022-01-03T11:45:01+00:00","dateModified":"2025-08-18T14:11:46+00:00","description":"\u26bd Masz pytania lub chcesz wsp\u00f3\u0142pracowa\u0107? Skontaktuj si\u0119 z Fundacj\u0105 Deyny i wspieraj nasze dzia\u0142ania na rzecz sportu i pami\u0119ci \u26bd\u26bd","breadcrumb":{"@id":"https:\/\/fundacjadeyny.pl\/kontakt\/#breadcrumb"},"inLanguage":"en-US","potentialAction":[{"@type":"ReadAction","target":["https:\/\/fundacjadeyny.pl\/kontakt\/"]}]},{"@type":"BreadcrumbList","@id":"https:\/\/fundacjadeyny.pl\/kontakt\/#breadcrumb","itemListElement":[{"@type":"ListItem","position":1,"name":"Strona g\u0142\u00f3wna","item":"https:\/\/fundacjadeyny.pl\/"},{"@type":"ListItem","position":2,"name":"Kontakt"}]},{"@type":"WebSite","@id":"https:\/\/fundacjadeyny.pl\/#website","url":"https:\/\/fundacjadeyny.pl\/","name":"FUNDACJA DEYNY","description":"FUNDACJA DEYNY","publisher":{"@id":"https:\/\/fundacjadeyny.pl\/#organization"},"potentialAction":[{"@type":"SearchAction","target":{"@type":"EntryPoint","urlTemplate":"https:\/\/fundacjadeyny.pl\/?s={search_term_string}"},"query-input":{"@type":"PropertyValueSpecification","valueRequired":true,"valueName":"search_term_string"}}],"inLanguage":"en-US"},{"@type":"Organization","@id":"https:\/\/fundacjadeyny.pl\/#organization","name":"FUNDACJA DEYNY","url":"https:\/\/fundacjadeyny.pl\/","logo":{"@type":"ImageObject","inLanguage":"en-US","@id":"https:\/\/fundacjadeyny.pl\/#\/schema\/logo\/image\/","url":"https:\/\/fundacjadeyny.pl\/wp-content\/uploads\/2022\/01\/cropped-logo-1.png","contentUrl":"https:\/\/fundacjadeyny.pl\/wp-content\/uploads\/2022\/01\/cropped-logo-1.png","width":427,"height":415,"caption":"FUNDACJA DEYNY"},"image":{"@id":"https:\/\/fundacjadeyny.pl\/#\/schema\/logo\/image\/"}}]}},"_links":{"self":[{"href":"https:\/\/fundacjadeyny.pl\/en\/wp-json\/wp\/v2\/pages\/80","targetHints":{"allow":["GET"]}}],"collection":[{"href":"https:\/\/fundacjadeyny.pl\/en\/wp-json\/wp\/v2\/pages"}],"about":[{"href":"https:\/\/fundacjadeyny.pl\/en\/wp-json\/wp\/v2\/types\/page"}],"author":[{"embeddable":true,"href":"https:\/\/fundacjadeyny.pl\/en\/wp-json\/wp\/v2\/users\/1"}],"replies":[{"embeddable":true,"href":"https:\/\/fundacjadeyny.pl\/en\/wp-json\/wp\/v2\/comments?post=80"}],"version-history":[{"count":38,"href":"https:\/\/fundacjadeyny.pl\/en\/wp-json\/wp\/v2\/pages\/80\/revisions"}],"predecessor-version":[{"id":868,"href":"https:\/\/fundacjadeyny.pl\/en\/wp-json\/wp\/v2\/pages\/80\/revisions\/868"}],"wp:attachment":[{"href":"https:\/\/fundacjadeyny.pl\/en\/wp-json\/wp\/v2\/media?parent=80"}],"curies":[{"name":"wp","href":"https:\/\/api.w.org\/{rel}","templated":true}]}}